{"id":380,"date":"2016-04-23T17:19:15","date_gmt":"2016-04-23T17:19:15","guid":{"rendered":"http:\/\/www.indicom.cat\/?page_id=380&#038;lang=es"},"modified":"2017-06-20T10:30:55","modified_gmt":"2017-06-20T10:30:55","slug":"activitat","status":"publish","type":"page","link":"http:\/\/www.indicom.cat\/es\/activitat\/","title":{"rendered":"Actividad"},"content":{"rendered":"<p><strong>ACTIVIDAD<\/strong><\/p>\n<p>INDICOM COMERCIAL empez\u00f3 con la venta y distribuci\u00f3n de rodamientos, y con el paso del tiempo se fue adaptando a las necesidades de sus clientes, ampliando progresivamente su oferta a la estanqueidad, la transmisi\u00f3n de potencia, los motores el\u00e9ctricos y reductores, herramientas de corte, pl\u00e1sticos t\u00e9cnicos, bronce, etc.<\/p>\n<p>Actualmente, en un momento donde la industria est\u00e1 consiguiendo un grado de tecnologia muy elevado (manipuladores, rob\u00f3tica, etc&#8230;). INDICOM COMERCIAL ha diversificado a\u00fan m\u00e1s su oferta introduci\u00e9ndose de lleno en el mundo de las gu\u00edas y m\u00f3dulos lineales y la neum\u00e1tica.<\/p>\n<p><a href=\"http:\/\/www.indicom.cat\/wp-content\/uploads\/2014\/08\/rodament6g.gif\"><img decoding=\"async\" loading=\"lazy\" class=\"alignnone size-full wp-image-226\" src=\"http:\/\/www.indicom.cat\/wp-content\/uploads\/2014\/08\/rodament6g.gif\" alt=\"rodament6g\" width=\"230\" height=\"193\" \/><\/a> <a href=\"http:\/\/www.indicom.cat\/wp-content\/uploads\/2014\/08\/fotdollesg1.gif\"><img decoding=\"async\" loading=\"lazy\" class=\"alignnone size-full wp-image-249\" src=\"http:\/\/www.indicom.cat\/wp-content\/uploads\/2014\/08\/fotdollesg1.gif\" alt=\"fotdollesg\" width=\"230\" height=\"193\" \/><\/a> <a href=\"http:\/\/www.indicom.cat\/wp-content\/uploads\/2014\/08\/fotpotencia1g.gif\"><img decoding=\"async\" loading=\"lazy\" class=\"alignnone size-full wp-image-257\" src=\"http:\/\/www.indicom.cat\/wp-content\/uploads\/2014\/08\/fotpotencia1g.gif\" alt=\"fotpotencia1g\" width=\"230\" height=\"190\" \/><\/a> <a href=\"http:\/\/www.indicom.cat\/wp-content\/uploads\/2014\/08\/fotmotors1g.gif\"><img decoding=\"async\" loading=\"lazy\" class=\"alignnone size-full wp-image-270\" src=\"http:\/\/www.indicom.cat\/wp-content\/uploads\/2014\/08\/fotmotors1g.gif\" alt=\"fotmotors1g\" width=\"230\" height=\"190\" \/><\/a><!--:--><\/p>\n","protected":false},"excerpt":{"rendered":"<p>ACTIVIDAD INDICOM COMERCIAL empez\u00f3 con la venta y distribuci\u00f3n de rodamientos, y con el paso del tiempo se fue adaptando a las necesidades de sus clientes, ampliando progresivamente su oferta a la estanqueidad, la transmisi\u00f3n de potencia, los motores el\u00e9ctricos y reductores, herramientas de corte, pl\u00e1sticos t\u00e9cnicos, bronce, etc. Actualmente, en un momento donde la<\/p>\n<p><a href=\"http:\/\/www.indicom.cat\/es\/activitat\/\" class=\"more\">Continue reading &rarr;<\/a><\/p>\n","protected":false},"author":1,"featured_media":0,"parent":0,"menu_order":0,"comment_status":"closed","ping_status":"open","template":"","meta":[],"_links":{"self":[{"href":"http:\/\/www.indicom.cat\/es\/wp-json\/wp\/v2\/pages\/380"}],"collection":[{"href":"http:\/\/www.indicom.cat\/es\/wp-json\/wp\/v2\/pages"}],"about":[{"href":"http:\/\/www.indicom.cat\/es\/wp-json\/wp\/v2\/types\/page"}],"author":[{"embeddable":true,"href":"http:\/\/www.indicom.cat\/es\/wp-json\/wp\/v2\/users\/1"}],"replies":[{"embeddable":true,"href":"http:\/\/www.indicom.cat\/es\/wp-json\/wp\/v2\/comments?post=380"}],"version-history":[{"count":2,"href":"http:\/\/www.indicom.cat\/es\/wp-json\/wp\/v2\/pages\/380\/revisions"}],"predecessor-version":[{"id":526,"href":"http:\/\/www.indicom.cat\/es\/wp-json\/wp\/v2\/pages\/380\/revisions\/526"}],"wp:attachment":[{"href":"http:\/\/www.indicom.cat\/es\/wp-json\/wp\/v2\/media?parent=380"}],"curies":[{"name":"wp","href":"https:\/\/api.w.org\/{rel}","templated":true}]}}