{"id":378,"date":"2016-04-23T17:13:43","date_gmt":"2016-04-23T17:13:43","guid":{"rendered":"http:\/\/www.indicom.cat\/?page_id=378&#038;lang=es"},"modified":"2016-04-23T17:13:43","modified_gmt":"2016-04-23T17:13:43","slug":"varios","status":"publish","type":"page","link":"http:\/\/www.indicom.cat\/es\/varios\/","title":{"rendered":"Varios"},"content":{"rendered":"<p><!--:es--><strong>Varios<\/strong><\/p>\n<ul>\n<li>Ruedas<\/li>\n<li>Grasas, lubricantes y adhesivos<\/li>\n<li>Eslingas<\/li>\n<li>Metrologia<\/li>\n<li>Cadenas porta-cables<\/li>\n<li>Extractores<\/li>\n<li>Pl\u00e1sticos t\u00e9cnicos, bolas, agujas, ruedas libres, bolas transportadoras, barras de bronce, bridas elem\u00e1tic, abarzaderas, engrasadores, etc.<\/li>\n<\/ul>\n<p><a href=\"http:\/\/www.indicom.cat\/wp-content\/uploads\/2014\/08\/fotvaris3g.gif\"><img decoding=\"async\" loading=\"lazy\" class=\"alignnone size-full wp-image-274\" src=\"http:\/\/www.indicom.cat\/wp-content\/uploads\/2014\/08\/fotvaris3g.gif\" alt=\"fotvaris3g\" width=\"230\" height=\"190\" \/><\/a> <a href=\"http:\/\/www.indicom.cat\/wp-content\/uploads\/2014\/08\/fotvaris4g.gif\"><img decoding=\"async\" loading=\"lazy\" class=\"alignnone size-medium wp-image-275\" src=\"http:\/\/www.indicom.cat\/wp-content\/uploads\/2014\/08\/fotvaris4g.gif\" alt=\"fotvaris4g\" width=\"230\" height=\"190\" \/><\/a> <a href=\"http:\/\/www.indicom.cat\/wp-content\/uploads\/2014\/08\/fotvaris5g.gif\"><img decoding=\"async\" loading=\"lazy\" class=\"alignnone size-medium wp-image-276\" src=\"http:\/\/www.indicom.cat\/wp-content\/uploads\/2014\/08\/fotvaris5g.gif\" alt=\"fotvaris5g\" width=\"230\" height=\"190\" \/><\/a> <a href=\"http:\/\/www.indicom.cat\/wp-content\/uploads\/2014\/08\/fotvarisg.gif\"><img decoding=\"async\" loading=\"lazy\" class=\"alignnone size-medium wp-image-277\" src=\"http:\/\/www.indicom.cat\/wp-content\/uploads\/2014\/08\/fotvarisg.gif\" alt=\"fotvarisg\" width=\"230\" height=\"190\" \/><\/a><\/p>\n<p><a href=\"http:\/\/www.indicom.cat\/wp-content\/uploads\/2014\/08\/arsalogo.gif\"><img decoding=\"async\" loading=\"lazy\" class=\"alignnone size-full wp-image-86\" src=\"http:\/\/www.indicom.cat\/wp-content\/uploads\/2014\/08\/arsalogo.gif\" alt=\"arsalogo\" width=\"60\" height=\"60\" \/><\/a> <a href=\"http:\/\/www.indicom.cat\/wp-content\/uploads\/2014\/08\/afologo.gif\"><img decoding=\"async\" loading=\"lazy\" class=\"alignnone size-full wp-image-80\" src=\"http:\/\/www.indicom.cat\/wp-content\/uploads\/2014\/08\/afologo.gif\" alt=\"afologo\" width=\"60\" height=\"60\" \/><\/a> <a href=\"http:\/\/www.indicom.cat\/wp-content\/uploads\/2014\/08\/forzalogo.gif\"><img decoding=\"async\" loading=\"lazy\" class=\"alignnone size-full wp-image-102\" src=\"http:\/\/www.indicom.cat\/wp-content\/uploads\/2014\/08\/forzalogo.gif\" alt=\"forzalogo\" width=\"60\" height=\"60\" \/><\/a> <a href=\"http:\/\/www.indicom.cat\/wp-content\/uploads\/2014\/08\/krafftlogo.gif\"><img decoding=\"async\" loading=\"lazy\" class=\"alignnone size-full wp-image-110\" src=\"http:\/\/www.indicom.cat\/wp-content\/uploads\/2014\/08\/krafftlogo.gif\" alt=\"krafftlogo\" width=\"60\" height=\"60\" \/><\/a> <a href=\"http:\/\/www.indicom.cat\/wp-content\/uploads\/2014\/08\/kluberlogo.gif\"><img decoding=\"async\" loading=\"lazy\" class=\"alignnone size-full wp-image-109\" src=\"http:\/\/www.indicom.cat\/wp-content\/uploads\/2014\/08\/kluberlogo.gif\" alt=\"kluberlogo\" width=\"60\" height=\"60\" \/><\/a> <a href=\"http:\/\/www.indicom.cat\/wp-content\/uploads\/2014\/08\/alexlogo.gif\"><img decoding=\"async\" loading=\"lazy\" class=\"alignnone size-full wp-image-82\" src=\"http:\/\/www.indicom.cat\/wp-content\/uploads\/2014\/08\/alexlogo.gif\" alt=\"alexlogo\" width=\"60\" height=\"60\" \/><\/a> <a href=\"http:\/\/www.indicom.cat\/wp-content\/uploads\/2014\/08\/arcanollogo.gif\"><img decoding=\"async\" loading=\"lazy\" class=\"alignnone size-full wp-image-84\" src=\"http:\/\/www.indicom.cat\/wp-content\/uploads\/2014\/08\/arcanollogo.gif\" alt=\"arcanollogo\" width=\"60\" height=\"60\" \/><\/a> <a href=\"http:\/\/www.indicom.cat\/wp-content\/uploads\/2014\/08\/loctitelogo.gif\"><img decoding=\"async\" loading=\"lazy\" class=\"alignnone size-full wp-image-113\" src=\"http:\/\/www.indicom.cat\/wp-content\/uploads\/2014\/08\/loctitelogo.gif\" alt=\"loctitelogo\" width=\"60\" height=\"60\" \/><\/a> <a href=\"http:\/\/www.indicom.cat\/wp-content\/uploads\/2014\/08\/eganalogo.gif\"><img decoding=\"async\" loading=\"lazy\" class=\"alignnone size-full wp-image-93\" src=\"http:\/\/www.indicom.cat\/wp-content\/uploads\/2014\/08\/eganalogo.gif\" alt=\"eganalogo\" width=\"60\" height=\"60\" \/><\/a> <a href=\"http:\/\/www.indicom.cat\/wp-content\/uploads\/2014\/08\/crclogo.gif\"><img decoding=\"async\" loading=\"lazy\" class=\"alignnone size-full wp-image-91\" src=\"http:\/\/www.indicom.cat\/wp-content\/uploads\/2014\/08\/crclogo.gif\" alt=\"crclogo\" width=\"60\" height=\"60\" \/><\/a> <a href=\"http:\/\/www.indicom.cat\/wp-content\/uploads\/2014\/08\/weiconlogo.gif\"><img decoding=\"async\" loading=\"lazy\" class=\"alignnone size-full wp-image-149\" src=\"http:\/\/www.indicom.cat\/wp-content\/uploads\/2014\/08\/weiconlogo.gif\" alt=\"weiconlogo\" width=\"60\" height=\"60\" \/><\/a> <a href=\"http:\/\/www.indicom.cat\/wp-content\/uploads\/2014\/08\/nurallogo.gif\"><img decoding=\"async\" loading=\"lazy\" class=\"alignnone size-full wp-image-124\" src=\"http:\/\/www.indicom.cat\/wp-content\/uploads\/2014\/08\/nurallogo.gif\" alt=\"nurallogo\" width=\"60\" height=\"60\" \/><\/a> <a href=\"http:\/\/www.indicom.cat\/wp-content\/uploads\/2014\/08\/magologo.gif\"><img decoding=\"async\" loading=\"lazy\" class=\"alignnone size-full wp-image-115\" src=\"http:\/\/www.indicom.cat\/wp-content\/uploads\/2014\/08\/magologo.gif\" alt=\"magologo\" width=\"60\" height=\"60\" \/><\/a> <a href=\"http:\/\/www.indicom.cat\/wp-content\/uploads\/2014\/08\/mitutoyologo.gif\"><img decoding=\"async\" loading=\"lazy\" class=\"alignnone size-full wp-image-119\" src=\"http:\/\/www.indicom.cat\/wp-content\/uploads\/2014\/08\/mitutoyologo.gif\" alt=\"mitutoyologo\" width=\"60\" height=\"60\" \/><\/a><\/p>\n<p>&nbsp;<\/p>\n<p><!--:--><\/p>\n","protected":false},"excerpt":{"rendered":"<p>Varios Ruedas Grasas, lubricantes y adhesivos Eslingas Metrologia Cadenas porta-cables Extractores Pl\u00e1sticos t\u00e9cnicos, bolas, agujas, ruedas libres, bolas transportadoras, barras de bronce, bridas elem\u00e1tic, abarzaderas, engrasadores, etc. &nbsp;<\/p>\n","protected":false},"author":1,"featured_media":0,"parent":0,"menu_order":0,"comment_status":"closed","ping_status":"open","template":"","meta":[],"_links":{"self":[{"href":"http:\/\/www.indicom.cat\/es\/wp-json\/wp\/v2\/pages\/378"}],"collection":[{"href":"http:\/\/www.indicom.cat\/es\/wp-json\/wp\/v2\/pages"}],"about":[{"href":"http:\/\/www.indicom.cat\/es\/wp-json\/wp\/v2\/types\/page"}],"author":[{"embeddable":true,"href":"http:\/\/www.indicom.cat\/es\/wp-json\/wp\/v2\/users\/1"}],"replies":[{"embeddable":true,"href":"http:\/\/www.indicom.cat\/es\/wp-json\/wp\/v2\/comments?post=378"}],"version-history":[{"count":1,"href":"http:\/\/www.indicom.cat\/es\/wp-json\/wp\/v2\/pages\/378\/revisions"}],"predecessor-version":[{"id":379,"href":"http:\/\/www.indicom.cat\/es\/wp-json\/wp\/v2\/pages\/378\/revisions\/379"}],"wp:attachment":[{"href":"http:\/\/www.indicom.cat\/es\/wp-json\/wp\/v2\/media?parent=378"}],"curies":[{"name":"wp","href":"https:\/\/api.w.org\/{rel}","templated":true}]}}