{"id":371,"date":"2016-04-23T17:10:25","date_gmt":"2016-04-23T17:10:25","guid":{"rendered":"http:\/\/www.indicom.cat\/?page_id=371&#038;lang=es"},"modified":"2016-04-23T17:10:25","modified_gmt":"2016-04-23T17:10:25","slug":"presentacion","status":"publish","type":"page","link":"http:\/\/www.indicom.cat\/es\/presentacion\/","title":{"rendered":"Presentaci\u00f3n"},"content":{"rendered":"<p><!--:es--><strong>PRESENTACI\u00d3N<\/strong><\/p>\n<p>Desde sus inicios, el nombre de INDICOM COMERCIAL va directamente ligado con la industria. Con m\u00e1s de 25 a\u00f1os de experiencia en el sector se ha convertido en un punto de referencia para todos aquellos que se dedican al mantenimiento industrial, fabricaci\u00f3n de maquinaria y profesionales.<\/p>\n<p>La agilidad y la seriedad en el servicio ha estado, al cabo de todos estos a\u00f1os, un de los puntos fuertes de INDICOM COMERCIAL, as\u00ed como un actualizado almac\u00e9n con una gran variedad de productos que sobrepasan en estos momentos las 15000 referencies entradas.<\/p>\n<p>Con tal de atender la demanda y ofrecer un buen servicio INDICOM COMERCIAL est\u00e1 estructurado de tal forma que dispone de los profesionales necesarios para garantizar su actividad comercial y ofrecer el mejor servicio a sus clientes.<\/p>\n<p><a href=\"http:\/\/www.indicom.cat\/wp-content\/uploads\/2014\/08\/rodament3g.gif\"><img decoding=\"async\" loading=\"lazy\" class=\"alignnone size-full wp-image-223\" src=\"http:\/\/www.indicom.cat\/wp-content\/uploads\/2014\/08\/rodament3g.gif\" alt=\"rodament3g\" width=\"230\" height=\"193\" \/><\/a> <a href=\"http:\/\/www.indicom.cat\/wp-content\/uploads\/2014\/08\/rodament5g.gif\"><img decoding=\"async\" loading=\"lazy\" class=\"alignnone size-full wp-image-225\" src=\"http:\/\/www.indicom.cat\/wp-content\/uploads\/2014\/08\/rodament5g.gif\" alt=\"rodament5g\" width=\"230\" height=\"193\" \/><\/a> <a href=\"http:\/\/www.indicom.cat\/wp-content\/uploads\/2014\/08\/rodament4g.gif\"><img decoding=\"async\" loading=\"lazy\" class=\"alignnone size-full wp-image-224\" src=\"http:\/\/www.indicom.cat\/wp-content\/uploads\/2014\/08\/rodament4g.gif\" alt=\"rodament4g\" width=\"230\" height=\"193\" \/><\/a> <a href=\"http:\/\/www.indicom.cat\/wp-content\/uploads\/2014\/08\/fotestanc1g.gif\"><img decoding=\"async\" loading=\"lazy\" class=\"alignnone size-full wp-image-252\" src=\"http:\/\/www.indicom.cat\/wp-content\/uploads\/2014\/08\/fotestanc1g.gif\" alt=\"fotestanc1g\" width=\"230\" height=\"190\" \/><\/a><!--:--><!--:ca--><\/p>\n<p><!--:--><\/p>\n","protected":false},"excerpt":{"rendered":"<p>PRESENTACI\u00d3N Desde sus inicios, el nombre de INDICOM COMERCIAL va directamente ligado con la industria. Con m\u00e1s de 25 a\u00f1os de experiencia en el sector se ha convertido en un punto de referencia para todos aquellos que se dedican al mantenimiento industrial, fabricaci\u00f3n de maquinaria y profesionales. La agilidad y la seriedad en el servicio<\/p>\n<p><a href=\"http:\/\/www.indicom.cat\/es\/presentacion\/\" class=\"more\">Continue reading &rarr;<\/a><\/p>\n","protected":false},"author":1,"featured_media":0,"parent":0,"menu_order":0,"comment_status":"closed","ping_status":"open","template":"","meta":[],"_links":{"self":[{"href":"http:\/\/www.indicom.cat\/es\/wp-json\/wp\/v2\/pages\/371"}],"collection":[{"href":"http:\/\/www.indicom.cat\/es\/wp-json\/wp\/v2\/pages"}],"about":[{"href":"http:\/\/www.indicom.cat\/es\/wp-json\/wp\/v2\/types\/page"}],"author":[{"embeddable":true,"href":"http:\/\/www.indicom.cat\/es\/wp-json\/wp\/v2\/users\/1"}],"replies":[{"embeddable":true,"href":"http:\/\/www.indicom.cat\/es\/wp-json\/wp\/v2\/comments?post=371"}],"version-history":[{"count":1,"href":"http:\/\/www.indicom.cat\/es\/wp-json\/wp\/v2\/pages\/371\/revisions"}],"predecessor-version":[{"id":372,"href":"http:\/\/www.indicom.cat\/es\/wp-json\/wp\/v2\/pages\/371\/revisions\/372"}],"wp:attachment":[{"href":"http:\/\/www.indicom.cat\/es\/wp-json\/wp\/v2\/media?parent=371"}],"curies":[{"name":"wp","href":"https:\/\/api.w.org\/{rel}","templated":true}]}}