{"id":368,"date":"2016-04-23T17:08:47","date_gmt":"2016-04-23T17:08:47","guid":{"rendered":"http:\/\/www.indicom.cat\/?page_id=368&#038;lang=es"},"modified":"2016-04-23T17:08:47","modified_gmt":"2016-04-23T17:08:47","slug":"productos","status":"publish","type":"page","link":"http:\/\/www.indicom.cat\/es\/productos\/","title":{"rendered":"Productos"},"content":{"rendered":"<p><!--:es-->PRODUCTOS<\/p>\n<p><strong>Rodamientos<\/strong><\/p>\n<p>Todo tipo de rodamientos, soportes para rodamientos, rotulas y accesorios.<\/p>\n<p>Sistemes lineales y husillos laminados.<\/p>\n<p><strong>Casquillos<\/strong><\/p>\n<p>Casquillos de bronce sinterizado y de fricci\u00f3n.<\/p>\n<p><strong>Estanqueidad<\/strong><\/p>\n<ul>\n<li>Retenes<\/li>\n<li>Juntas<\/li>\n<li>Collarines<\/li>\n<li>Cierres mec\u00e1nicos<\/li>\n<li>Rascadores<\/li>\n<\/ul>\n<p><strong>Transmisi\u00f3n de potencia<\/strong><\/p>\n<ul>\n<li>Correas<\/li>\n<li>Poleas, pi\u00f1ones, disco, engranajes cil\u00edndricos y c\u00f3nicos, anillos bikonos<\/li>\n<li>Cadenas industriales<\/li>\n<li>Acoplamientos<\/li>\n<li>Bandas de transmisi\u00f3n y transportadores<\/li>\n<li>Poleas y pi\u00f1ones taper<\/li>\n<li>Tensores<\/li>\n<li>Cremalleras, husillos, limitadores de par<\/li>\n<\/ul>\n<p><strong>Neum\u00e1tica<\/strong><\/p>\n<p>Comercializamos las m\u00e1s importantes marcas del sector.<\/p>\n<p>T\u00e9cnica de vacio.<\/p>\n<p><strong>Heramientas de corte<\/strong><\/p>\n<ul>\n<li>Machos i cojinetes de roscar<\/li>\n<li>Brocas<\/li>\n<li>Herramientas de torno<\/li>\n<li>Sierras m\u00e0quina, sierras de mano, sierras cinta<\/li>\n<li>Molas y disco de pulir y cortar<\/li>\n<\/ul>\n<p><strong>Motores<\/strong><\/p>\n<ul>\n<li>Motores el\u00e9ctricos<\/li>\n<li>Reductores<\/li>\n<li>Reenvios de angulo<\/li>\n<\/ul>\n<p><strong>Varios<\/strong><\/p>\n<ul>\n<li>Ruedas<\/li>\n<li>Grasas, lubricantes y adhesivos<\/li>\n<li>Eslingas<\/li>\n<li>Metrologia<\/li>\n<li>Cadenas porta-cables<\/li>\n<li>Extractores<\/li>\n<li>Pl\u00e1sticos t\u00e9cnicos, bolas, agujas, ruedas libres, bolas transportadoras, barras de bronce, bridas elem\u00e1tic, abarzaderas, engrasadores, etc.<\/li>\n<\/ul>\n<p>&nbsp;<\/p>\n<p><!--:--><\/p>\n","protected":false},"excerpt":{"rendered":"<p>PRODUCTOS Rodamientos Todo tipo de rodamientos, soportes para rodamientos, rotulas y accesorios. Sistemes lineales y husillos laminados. Casquillos Casquillos de bronce sinterizado y de fricci\u00f3n. Estanqueidad Retenes Juntas Collarines Cierres mec\u00e1nicos Rascadores Transmisi\u00f3n de potencia Correas Poleas, pi\u00f1ones, disco, engranajes cil\u00edndricos y c\u00f3nicos, anillos bikonos Cadenas industriales Acoplamientos Bandas de transmisi\u00f3n y transportadores Poleas y<\/p>\n<p><a href=\"http:\/\/www.indicom.cat\/es\/productos\/\" class=\"more\">Continue reading &rarr;<\/a><\/p>\n","protected":false},"author":1,"featured_media":0,"parent":0,"menu_order":0,"comment_status":"closed","ping_status":"open","template":"","meta":[],"_links":{"self":[{"href":"http:\/\/www.indicom.cat\/es\/wp-json\/wp\/v2\/pages\/368"}],"collection":[{"href":"http:\/\/www.indicom.cat\/es\/wp-json\/wp\/v2\/pages"}],"about":[{"href":"http:\/\/www.indicom.cat\/es\/wp-json\/wp\/v2\/types\/page"}],"author":[{"embeddable":true,"href":"http:\/\/www.indicom.cat\/es\/wp-json\/wp\/v2\/users\/1"}],"replies":[{"embeddable":true,"href":"http:\/\/www.indicom.cat\/es\/wp-json\/wp\/v2\/comments?post=368"}],"version-history":[{"count":1,"href":"http:\/\/www.indicom.cat\/es\/wp-json\/wp\/v2\/pages\/368\/revisions"}],"predecessor-version":[{"id":369,"href":"http:\/\/www.indicom.cat\/es\/wp-json\/wp\/v2\/pages\/368\/revisions\/369"}],"wp:attachment":[{"href":"http:\/\/www.indicom.cat\/es\/wp-json\/wp\/v2\/media?parent=368"}],"curies":[{"name":"wp","href":"https:\/\/api.w.org\/{rel}","templated":true}]}}