{"id":366,"date":"2016-04-23T17:07:56","date_gmt":"2016-04-23T17:07:56","guid":{"rendered":"http:\/\/www.indicom.cat\/?page_id=366&#038;lang=es"},"modified":"2018-05-19T15:47:08","modified_gmt":"2018-05-19T15:47:08","slug":"politica-de-privacidad","status":"publish","type":"page","link":"http:\/\/www.indicom.cat\/es\/politica-de-privacidad\/","title":{"rendered":"Pol\u00edtica de privacidad"},"content":{"rendered":"<p><!--:es--><strong>PROTECCI\u00d3N DE DATOS DE CAR\u00c1CTER PERSONAL<\/strong><\/p>\n<p><strong>Aplicaci\u00f3n Reglamento General de Protecci\u00f3n de Datos (RGPD)<\/strong><\/p>\n<p>En aplicaci\u00f3n del nuevo Reglamento de Protecci\u00f3n de Datos le informamos de lo siguiente:<\/p>\n<p>1) Reponsable del tratamiento de datos:<br \/>\nINDOCM COMERCIAL, S.A.<br \/>\nCtra. Pont de Vilomara, 18<br \/>\n08241 \u2013 Manresa (Barcelona)<br \/>\nTlf. 93 874 69 63    E-mail: admin@indicom.cat<\/p>\n<p>2) Finalidad del tratamiento de datos:<br \/>\nEn Indicom Comercial, S.A. tratamos la informaci\u00f3n que nos facilitan las personas interesadas en la prestaci\u00f3n de los servicios y\/o el env\u00edo de publicidad en el caso de que haya dado su consentimiento.<\/p>\n<p>3) Tiempo de conservaci\u00f3n de los datos:<br \/>\nLos datos personales proprocionados se conservar\u00e1n mientras se mantenga la prestaci\u00f3n del servicio y\/o para posibles responsabilidades legales.<\/p>\n<p>4) Legitimaci\u00f3n para el tratamiento de los datos:<br \/>\nLa base legal para el tratamiento de sus datos es la prestaci\u00f3n del servicio y\/o consentimiento del interesado.<\/p>\n<p>5) Destinatarios de sus datos:<br \/>\nLos datos no se comunicaran a terceros ajenos a la empresa salvo en los casos que haya una obligaci\u00f3n legal o fiscal.<\/p>\n<p>6) Derechos al facilitarnos sus datos:<br \/>\nEl usuario podr\u00e1 ejercer sus derechos de acceso, rectificaci\u00f3n, cancelaci\u00f3n, limitaci\u00f3n y oposici\u00f3n mediante carta o correo electr\u00f3nico a Indicom Comercial, S.A..<\/p>\n<p>7) Datos obtenidos:<br \/>\nLos datos personales procesados por Indicom Comercial, S.A. recogidos mediante formulario, correo o compra de productos o servicios proceden del interesado.<\/p>\n<p>Las categoria de datos son: Datos de identificaci\u00f3n, direcciones postales o electr\u00f3nicas. No tratamos con datos especialmente protegidos.<\/p>\n<p><strong>Ley Org\u00e1nica de Protecci\u00f3n de Datos (LOPD)<\/strong><\/p>\n<p>En cumplimiento de lo establecido en la Ley Org\u00e1nica 15\/1999, de 13 de diciembre, de Protecci\u00f3n de Datos de Car\u00e1cter Personal, INDICOM Comercial, informa a sus clientes de que cuantos datos personales le faciliten ser\u00e1n incluidos en un fichero automatizado de datos de car\u00e1cter personal, creado y mantenido bajo la responsabilidad de INDICOM Comercial.<\/p>\n<p>La finalidad de dicho fichero es facilitar la tramitaci\u00f3n de los pedidos y enviar ofertas comerciales en el futuro sobre productos y servicios que puedan resultar de inter\u00e9s a nuestros clientes.<\/p>\n<p>INDICOM Comercial. garantiza la seguridad y confidencialidad de los datos facilitados. De este modo, se compromete al cumplimiento de su obligaci\u00f3n de secreto de los datos de car\u00e1cter personal y de su deber de guardarlos y adoptar todas las medidas necesarias para evitar su alteraci\u00f3n, p\u00e9rdida, tratamiento o uso no autorizado. Por lo tanto, toda la informaci\u00f3n sobre nuestros clientes no ser\u00e1 utilizada con prop\u00f3sitos comerciales ni ser\u00e1 cedida a terceros.<\/p>\n<p>Los clientes de INDICOM Comercial podr\u00e1n en todo momento ejercitar los derechos de acceso, rectificaci\u00f3n, cancelaci\u00f3n y oposici\u00f3n, comunic\u00e1ndolo por escrito a trav\u00e9s de nuestros<a href=\"mailto:indicom@indicom.es\">e-mail<\/a><!--:--><!--:ca--> o comunic\u00e1ndolo por escrito a INDICOM Comercial, S.A. Ctra. Pont de Vilomara, 18, 08240 Manresa (Barcelona)<!--:--><\/p>\n","protected":false},"excerpt":{"rendered":"<p>PROTECCI\u00d3N DE DATOS DE CAR\u00c1CTER PERSONAL Aplicaci\u00f3n Reglamento General de Protecci\u00f3n de Datos (RGPD) En aplicaci\u00f3n del nuevo Reglamento de Protecci\u00f3n de Datos le informamos de lo siguiente: 1) Reponsable del tratamiento de datos: INDOCM COMERCIAL, S.A. Ctra. Pont de Vilomara, 18 08241 \u2013 Manresa (Barcelona) Tlf. 93 874 69 63 E-mail: admin@indicom.cat 2) Finalidad<\/p>\n<p><a href=\"http:\/\/www.indicom.cat\/es\/politica-de-privacidad\/\" class=\"more\">Continue reading &rarr;<\/a><\/p>\n","protected":false},"author":1,"featured_media":0,"parent":0,"menu_order":0,"comment_status":"closed","ping_status":"open","template":"","meta":[],"_links":{"self":[{"href":"http:\/\/www.indicom.cat\/es\/wp-json\/wp\/v2\/pages\/366"}],"collection":[{"href":"http:\/\/www.indicom.cat\/es\/wp-json\/wp\/v2\/pages"}],"about":[{"href":"http:\/\/www.indicom.cat\/es\/wp-json\/wp\/v2\/types\/page"}],"author":[{"embeddable":true,"href":"http:\/\/www.indicom.cat\/es\/wp-json\/wp\/v2\/users\/1"}],"replies":[{"embeddable":true,"href":"http:\/\/www.indicom.cat\/es\/wp-json\/wp\/v2\/comments?post=366"}],"version-history":[{"count":5,"href":"http:\/\/www.indicom.cat\/es\/wp-json\/wp\/v2\/pages\/366\/revisions"}],"predecessor-version":[{"id":573,"href":"http:\/\/www.indicom.cat\/es\/wp-json\/wp\/v2\/pages\/366\/revisions\/573"}],"wp:attachment":[{"href":"http:\/\/www.indicom.cat\/es\/wp-json\/wp\/v2\/media?parent=366"}],"curies":[{"name":"wp","href":"https:\/\/api.w.org\/{rel}","templated":true}]}}