{"id":362,"date":"2016-04-23T17:06:28","date_gmt":"2016-04-23T17:06:28","guid":{"rendered":"http:\/\/www.indicom.cat\/?page_id=362&#038;lang=es"},"modified":"2016-04-23T17:06:28","modified_gmt":"2016-04-23T17:06:28","slug":"neumatica","status":"publish","type":"page","link":"http:\/\/www.indicom.cat\/es\/neumatica\/","title":{"rendered":"Neum\u00e1tica"},"content":{"rendered":"<p><!--:es--><strong>Neum\u00e1tica<\/strong><\/p>\n<p>Comercializamos las m\u00e1s importantes marcas del sector.<\/p>\n<p>T\u00e9cnica de vacio.<\/p>\n<p><a href=\"http:\/\/www.indicom.cat\/wp-content\/uploads\/2014\/08\/fotpneumatica1g.gif\"><img decoding=\"async\" loading=\"lazy\" class=\"alignnone size-full wp-image-262\" src=\"http:\/\/www.indicom.cat\/wp-content\/uploads\/2014\/08\/fotpneumatica1g.gif\" alt=\"fotpneumatica1g\" width=\"230\" height=\"190\" \/><\/a> <a href=\"http:\/\/www.indicom.cat\/wp-content\/uploads\/2014\/08\/fotpneumatica2g.gif\"><img decoding=\"async\" loading=\"lazy\" class=\"alignnone size-medium wp-image-263\" src=\"http:\/\/www.indicom.cat\/wp-content\/uploads\/2014\/08\/fotpneumatica2g.gif\" alt=\"fotpneumatica2g\" width=\"230\" height=\"190\" \/><\/a> <a href=\"http:\/\/www.indicom.cat\/wp-content\/uploads\/2014\/08\/fotpneumatica3g.gif\"><img decoding=\"async\" loading=\"lazy\" class=\"alignnone size-medium wp-image-264\" src=\"http:\/\/www.indicom.cat\/wp-content\/uploads\/2014\/08\/fotpneumatica3g.gif\" alt=\"fotpneumatica3g\" width=\"230\" height=\"190\" \/><\/a> <a href=\"http:\/\/www.indicom.cat\/wp-content\/uploads\/2014\/08\/fotpneumatica4g.gif\"><img decoding=\"async\" loading=\"lazy\" class=\"alignnone size-medium wp-image-265\" src=\"http:\/\/www.indicom.cat\/wp-content\/uploads\/2014\/08\/fotpneumatica4g.gif\" alt=\"fotpneumatica4g\" width=\"230\" height=\"190\" \/><\/a><\/p>\n<p><a href=\"http:\/\/www.indicom.cat\/wp-content\/uploads\/2014\/08\/festo.gif\"><img decoding=\"async\" loading=\"lazy\" class=\"alignnone size-full wp-image-101\" src=\"http:\/\/www.indicom.cat\/wp-content\/uploads\/2014\/08\/festo.gif\" alt=\"festo\" width=\"100\" height=\"73\" \/><\/a> <a href=\"http:\/\/www.indicom.cat\/wp-content\/uploads\/2014\/08\/llegrislogo.gif\"><img decoding=\"async\" loading=\"lazy\" class=\"alignnone size-full wp-image-112\" src=\"http:\/\/www.indicom.cat\/wp-content\/uploads\/2014\/08\/llegrislogo.gif\" alt=\"llegrislogo\" width=\"60\" height=\"60\" \/><\/a> <a href=\"http:\/\/www.indicom.cat\/wp-content\/uploads\/2014\/08\/arlogo.gif\"><img decoding=\"async\" loading=\"lazy\" class=\"alignnone size-full wp-image-85\" src=\"http:\/\/www.indicom.cat\/wp-content\/uploads\/2014\/08\/arlogo.gif\" alt=\"arlogo\" width=\"60\" height=\"60\" \/><\/a><!--:--><!--:ca--><\/p>\n<p>&nbsp;<\/p>\n<p><!--:--><\/p>\n","protected":false},"excerpt":{"rendered":"<p>Neum\u00e1tica Comercializamos las m\u00e1s importantes marcas del sector. T\u00e9cnica de vacio. &nbsp;<\/p>\n","protected":false},"author":1,"featured_media":0,"parent":0,"menu_order":0,"comment_status":"closed","ping_status":"open","template":"","meta":[],"_links":{"self":[{"href":"http:\/\/www.indicom.cat\/es\/wp-json\/wp\/v2\/pages\/362"}],"collection":[{"href":"http:\/\/www.indicom.cat\/es\/wp-json\/wp\/v2\/pages"}],"about":[{"href":"http:\/\/www.indicom.cat\/es\/wp-json\/wp\/v2\/types\/page"}],"author":[{"embeddable":true,"href":"http:\/\/www.indicom.cat\/es\/wp-json\/wp\/v2\/users\/1"}],"replies":[{"embeddable":true,"href":"http:\/\/www.indicom.cat\/es\/wp-json\/wp\/v2\/comments?post=362"}],"version-history":[{"count":1,"href":"http:\/\/www.indicom.cat\/es\/wp-json\/wp\/v2\/pages\/362\/revisions"}],"predecessor-version":[{"id":363,"href":"http:\/\/www.indicom.cat\/es\/wp-json\/wp\/v2\/pages\/362\/revisions\/363"}],"wp:attachment":[{"href":"http:\/\/www.indicom.cat\/es\/wp-json\/wp\/v2\/media?parent=362"}],"curies":[{"name":"wp","href":"https:\/\/api.w.org\/{rel}","templated":true}]}}